{"id":225,"date":"2014-12-03T11:04:34","date_gmt":"2014-12-03T10:04:34","guid":{"rendered":"http:\/\/161.67.140.60\/eot\/?page_id=225"},"modified":"2024-11-13T20:04:25","modified_gmt":"2024-11-13T19:04:25","slug":"bienvenida","status":"publish","type":"page","link":"http:\/\/eyesofthings.eu\/?page_id=225","title":{"rendered":"Bienvenido a  Eyes of Things!"},"content":{"rendered":"<p>Mira&nbsp;los <a href=\"https:\/\/www.flickr.com\/photos\/132007111@N03\/albums\/72157663571622754\">\u00faltimos v\u00eddeos demo<\/a>&nbsp;y&nbsp;<a href=\"http:\/\/eyesofthings.eu\/wp-content\/uploads\/2016\/04\/poster_eot_A0.pdf\" rel=\"\">poster del proyecto<\/a>&nbsp;!<\/p>\n<p>Bienvenido a la web de \u201cEyes of Things\u201d, un proyecto internacional que persigue desarrollar una avanzada plataforma empotrada para visi\u00f3n por computador. EoT es una acci\u00f3n de innovaci\u00f3n financiada por el Programa marco de investigaci\u00f3n e innovaci\u00f3n H2020 de la Uni\u00f3n Europea. La acci\u00f3n se desarrolla durante tres a\u00f1os, comenzando en Enero de 2015.<\/p>\n<p><iframe loading=\"lazy\" src=\"https:\/\/www.youtube.com\/embed\/ILRKc76YaBo?rel=0\" width=\"588\" height=\"331\" frameborder=\"0\" allowfullscreen=\"\"><\/iframe><\/p>\n<p>Proyecto financiado a trav\u00e9s del Programa marco de investigaci\u00f3n e innovaci\u00f3n H2020 de la Uni\u00f3n Europea, <a href=\"http:\/\/cordis.europa.eu\/project\/rcn\/194115_en.html\">ref. 643924.<\/a><\/p>\n<p><img loading=\"lazy\" decoding=\"async\" class=\"alignnone size-medium wp-image-178\" src=\"http:\/\/eyesofthings.eu\/wp-content\/uploads\/2014\/12\/logohorizon-e1418482871156-300x88.png\" alt=\"vision por computador Eyes of Things\" width=\"300\" height=\"88\" srcset=\"http:\/\/eyesofthings.eu\/wp-content\/uploads\/2014\/12\/logohorizon-e1418482871156-300x88.png 300w, http:\/\/eyesofthings.eu\/wp-content\/uploads\/2014\/12\/logohorizon-e1418482871156.png 678w\" sizes=\"auto, (max-width: 300px) 100vw, 300px\" \/><\/p>\n","protected":false},"excerpt":{"rendered":"<p>Mira&nbsp;los \u00faltimos v\u00eddeos demo&nbsp;y&nbsp;poster del proyecto&nbsp;! Bienvenido a la web de \u201cEyes of Things\u201d, un proyecto internacional que persigue desarrollar una avanzada plataforma empotrada para visi\u00f3n por computador. EoT es una acci\u00f3n de innovaci\u00f3n financiada por el Programa marco de&hellip; <\/p>\n","protected":false},"author":1,"featured_media":0,"parent":0,"menu_order":0,"comment_status":"closed","ping_status":"closed","template":"","meta":{"footnotes":""},"class_list":["post-225","page","type-page","status-publish","hentry"],"_links":{"self":[{"href":"http:\/\/eyesofthings.eu\/index.php?rest_route=\/wp\/v2\/pages\/225","targetHints":{"allow":["GET"]}}],"collection":[{"href":"http:\/\/eyesofthings.eu\/index.php?rest_route=\/wp\/v2\/pages"}],"about":[{"href":"http:\/\/eyesofthings.eu\/index.php?rest_route=\/wp\/v2\/types\/page"}],"author":[{"embeddable":true,"href":"http:\/\/eyesofthings.eu\/index.php?rest_route=\/wp\/v2\/users\/1"}],"replies":[{"embeddable":true,"href":"http:\/\/eyesofthings.eu\/index.php?rest_route=%2Fwp%2Fv2%2Fcomments&post=225"}],"version-history":[{"count":21,"href":"http:\/\/eyesofthings.eu\/index.php?rest_route=\/wp\/v2\/pages\/225\/revisions"}],"predecessor-version":[{"id":2196,"href":"http:\/\/eyesofthings.eu\/index.php?rest_route=\/wp\/v2\/pages\/225\/revisions\/2196"}],"wp:attachment":[{"href":"http:\/\/eyesofthings.eu\/index.php?rest_route=%2Fwp%2Fv2%2Fmedia&parent=225"}],"curies":[{"name":"wp","href":"https:\/\/api.w.org\/{rel}","templated":true}]}}