{"id":1586,"date":"2017-02-14T13:24:40","date_gmt":"2017-02-14T12:24:40","guid":{"rendered":"http:\/\/eyesofthings.eu\/?page_id=1586"},"modified":"2018-05-08T11:38:43","modified_gmt":"2018-05-08T09:38:43","slug":"recursos","status":"publish","type":"page","link":"http:\/\/eyesofthings.eu\/?page_id=1586","title":{"rendered":"Recursos"},"content":{"rendered":"<div id=\"resources\">\n<div id=\"tl\">\n<br \/>\n<a href=\"https:\/\/github.com\/EyesOfThings\/Software\" target=\"_blank\" class=\"software\"><i class=\"fa fa-code\"><\/i><br \/>Software de EoT<\/a>\n<\/div>\n<div id=\"tc\">\n<a href=\"https:\/\/github.com\/EyesOfThings\/Hardware\" target=\"_blank\"><br \/>\n<i class=\"fa fa-microchip\"><\/i><br \/>\nHardware de EoT<\/a><\/p>\n<\/div>\n<div id=\"ml\">\n<i class=\"fa fa-briefcase\" aria-hidden=\"true\"><\/i><br \/>\nPlacas montadas<br \/>\n(en construcci\u00f3n)<\/p>\n<\/div>\n<div id=\"mc\">\n<a href=\"http:\/\/proyecto.eot.uclm.es\/osticket\/upload\/\" target=\"_blank\" class=\"software\"><i class=\"fa fa-handshake-o\" aria-hidden=\"true\"><\/i><br \/>\nSoporte<\/a>\n<\/div>\n<div id=\"wu\">\n<a href=\"http:\/\/eyesofthings.eu\/?page_id=1725\" target=\"_blank\" class=\"software\"><i class=\"fa fa-users\" aria-hidden=\"true\"><\/i><br \/><\/a><br \/>\nQui\u00e9n est\u00e1 usando EoT<\/p>\n<\/div>\n<\/div>\n","protected":false},"excerpt":{"rendered":"<p>Software de EoT Hardware de EoT Placas montadas (en construcci\u00f3n) Soporte Qui\u00e9n est\u00e1 usando EoT<\/p>\n","protected":false},"author":1,"featured_media":0,"parent":0,"menu_order":0,"comment_status":"closed","ping_status":"closed","template":"","meta":{"footnotes":""},"class_list":["post-1586","page","type-page","status-publish","hentry"],"_links":{"self":[{"href":"http:\/\/eyesofthings.eu\/index.php?rest_route=\/wp\/v2\/pages\/1586","targetHints":{"allow":["GET"]}}],"collection":[{"href":"http:\/\/eyesofthings.eu\/index.php?rest_route=\/wp\/v2\/pages"}],"about":[{"href":"http:\/\/eyesofthings.eu\/index.php?rest_route=\/wp\/v2\/types\/page"}],"author":[{"embeddable":true,"href":"http:\/\/eyesofthings.eu\/index.php?rest_route=\/wp\/v2\/users\/1"}],"replies":[{"embeddable":true,"href":"http:\/\/eyesofthings.eu\/index.php?rest_route=%2Fwp%2Fv2%2Fcomments&post=1586"}],"version-history":[{"count":14,"href":"http:\/\/eyesofthings.eu\/index.php?rest_route=\/wp\/v2\/pages\/1586\/revisions"}],"predecessor-version":[{"id":1730,"href":"http:\/\/eyesofthings.eu\/index.php?rest_route=\/wp\/v2\/pages\/1586\/revisions\/1730"}],"wp:attachment":[{"href":"http:\/\/eyesofthings.eu\/index.php?rest_route=%2Fwp%2Fv2%2Fmedia&parent=1586"}],"curies":[{"name":"wp","href":"https:\/\/api.w.org\/{rel}","templated":true}]}}